{"id":8353,"date":"2024-06-28T14:55:53","date_gmt":"2024-06-28T06:55:53","guid":{"rendered":"https:\/\/www.hz-pk.cn\/?post_type=product&#038;p=8353"},"modified":"2024-07-22T09:23:58","modified_gmt":"2024-07-22T01:23:58","slug":"automatic-filling-capping-labeling-machinealuminum-foil-sealing-machine-2","status":"publish","type":"product","link":"https:\/\/hz-pk.cn\/es\/producto\/automatic-filling-capping-labeling-machinealuminum-foil-sealing-machine-2\/","title":{"rendered":"M\u00e1quina autom\u00e1tica de llenado, tapado y etiquetado + m\u00e1quina selladora de l\u00e1mina de aluminio"},"content":{"rendered":"","protected":false},"excerpt":{"rendered":"","protected":false},"featured_media":8383,"comment_status":"open","ping_status":"closed","template":"","meta":{"site-sidebar-layout":"default","site-content-layout":"default","ast-global-header-display":"","ast-main-header-display":"","ast-hfb-above-header-display":"","ast-hfb-below-header-display":"","ast-hfb-mobile-header-display":"","site-post-title":"","ast-breadcrumbs-content":"","ast-featured-img":"","footer-sml-layout":"","theme-transparent-header-meta":"default","adv-header-id-meta":"","stick-header-meta":"","header-above-stick-meta":"","header-main-stick-meta":"","header-below-stick-meta":""},"product_cat":[32],"product_tag":[],"class_list":["post-8353","product","type-product","status-publish","has-post-thumbnail","hentry","product_cat-automatic-packing-machine-series","desktop-align-left","tablet-align-left","mobile-align-left"],"_links":{"self":[{"href":"https:\/\/hz-pk.cn\/es\/wp-json\/wp\/v3\/product\/8353","targetHints":{"allow":["GET"]}}],"collection":[{"href":"https:\/\/hz-pk.cn\/es\/wp-json\/wp\/v3\/product"}],"about":[{"href":"https:\/\/hz-pk.cn\/es\/wp-json\/wp\/v2\/types\/product"}],"replies":[{"embeddable":true,"href":"https:\/\/hz-pk.cn\/es\/wp-json\/wp\/v2\/comments?post=8353"}],"wp:featuredmedia":[{"embeddable":true,"href":"https:\/\/hz-pk.cn\/es\/wp-json\/wp\/v2\/media\/8383"}],"wp:attachment":[{"href":"https:\/\/hz-pk.cn\/es\/wp-json\/wp\/v2\/media?parent=8353"}],"wp:term":[{"taxonomy":"product_cat","embeddable":true,"href":"https:\/\/hz-pk.cn\/es\/wp-json\/wp\/v2\/product_cat?post=8353"},{"taxonomy":"product_tag","embeddable":true,"href":"https:\/\/hz-pk.cn\/es\/wp-json\/wp\/v2\/product_tag?post=8353"}],"curies":[{"name":"wp","href":"https:\/\/api.w.org\/{rel}","templated":true}]}}