{"id":8363,"date":"2024-06-28T14:55:54","date_gmt":"2024-06-28T06:55:54","guid":{"rendered":"https:\/\/www.hz-pk.cn\/?post_type=product&#038;p=8363"},"modified":"2024-07-17T13:35:46","modified_gmt":"2024-07-17T05:35:46","slug":"piston-liquid-bottle-filling-machine-2","status":"publish","type":"product","link":"https:\/\/hz-pk.cn\/es\/producto\/piston-liquid-bottle-filling-machine-2\/","title":{"rendered":"M\u00e1quina llenadora semiautom\u00e1tica de botellas de l\u00edquido de pist\u00f3n"},"content":{"rendered":"","protected":false},"excerpt":{"rendered":"","protected":false},"featured_media":8393,"comment_status":"open","ping_status":"closed","template":"","meta":{"site-sidebar-layout":"default","site-content-layout":"default","ast-global-header-display":"","ast-main-header-display":"","ast-hfb-above-header-display":"","ast-hfb-below-header-display":"","ast-hfb-mobile-header-display":"","site-post-title":"","ast-breadcrumbs-content":"","ast-featured-img":"","footer-sml-layout":"","theme-transparent-header-meta":"default","adv-header-id-meta":"","stick-header-meta":"","header-above-stick-meta":"","header-main-stick-meta":"","header-below-stick-meta":""},"product_cat":[33,35],"product_tag":[],"class_list":["post-8363","product","type-product","status-publish","has-post-thumbnail","hentry","product_cat-filling-machine-series","product_cat-liquid-filling-machine","desktop-align-left","tablet-align-left","mobile-align-left"],"_links":{"self":[{"href":"https:\/\/hz-pk.cn\/es\/wp-json\/wp\/v3\/product\/8363","targetHints":{"allow":["GET"]}}],"collection":[{"href":"https:\/\/hz-pk.cn\/es\/wp-json\/wp\/v3\/product"}],"about":[{"href":"https:\/\/hz-pk.cn\/es\/wp-json\/wp\/v2\/types\/product"}],"replies":[{"embeddable":true,"href":"https:\/\/hz-pk.cn\/es\/wp-json\/wp\/v2\/comments?post=8363"}],"wp:featuredmedia":[{"embeddable":true,"href":"https:\/\/hz-pk.cn\/es\/wp-json\/wp\/v2\/media\/8393"}],"wp:attachment":[{"href":"https:\/\/hz-pk.cn\/es\/wp-json\/wp\/v2\/media?parent=8363"}],"wp:term":[{"taxonomy":"product_cat","embeddable":true,"href":"https:\/\/hz-pk.cn\/es\/wp-json\/wp\/v2\/product_cat?post=8363"},{"taxonomy":"product_tag","embeddable":true,"href":"https:\/\/hz-pk.cn\/es\/wp-json\/wp\/v2\/product_tag?post=8363"}],"curies":[{"name":"wp","href":"https:\/\/api.w.org\/{rel}","templated":true}]}}