{"id":9076,"date":"2024-07-12T13:52:17","date_gmt":"2024-07-12T05:52:17","guid":{"rendered":"http:\/\/ceshi.global-jt.com\/?post_type=product&#038;p=9076"},"modified":"2024-07-16T14:25:16","modified_gmt":"2024-07-16T06:25:16","slug":"semi-automatic-round-bottle-labeling-machine-with-coding","status":"publish","type":"product","link":"https:\/\/hz-pk.cn\/es\/producto\/semi-automatic-round-bottle-labeling-machine-with-coding\/","title":{"rendered":"M\u00e1quina semiautom\u00e1tica de etiquetado de botellas redondas con c\u00f3digo"},"content":{"rendered":"","protected":false},"excerpt":{"rendered":"","protected":false},"featured_media":9078,"comment_status":"open","ping_status":"closed","template":"","meta":{"site-sidebar-layout":"default","site-content-layout":"default","ast-global-header-display":"","ast-main-header-display":"","ast-hfb-above-header-display":"","ast-hfb-below-header-display":"","ast-hfb-mobile-header-display":"","site-post-title":"","ast-breadcrumbs-content":"","ast-featured-img":"","footer-sml-layout":"","theme-transparent-header-meta":"default","adv-header-id-meta":"","stick-header-meta":"","header-above-stick-meta":"","header-main-stick-meta":"","header-below-stick-meta":""},"product_cat":[39,40],"product_tag":[],"class_list":["post-9076","product","type-product","status-publish","has-post-thumbnail","hentry","product_cat-labeling-machine-series","product_cat-round-bottle-labeling-machine","desktop-align-left","tablet-align-left","mobile-align-left"],"_links":{"self":[{"href":"https:\/\/hz-pk.cn\/es\/wp-json\/wp\/v3\/product\/9076","targetHints":{"allow":["GET"]}}],"collection":[{"href":"https:\/\/hz-pk.cn\/es\/wp-json\/wp\/v3\/product"}],"about":[{"href":"https:\/\/hz-pk.cn\/es\/wp-json\/wp\/v2\/types\/product"}],"replies":[{"embeddable":true,"href":"https:\/\/hz-pk.cn\/es\/wp-json\/wp\/v2\/comments?post=9076"}],"wp:featuredmedia":[{"embeddable":true,"href":"https:\/\/hz-pk.cn\/es\/wp-json\/wp\/v2\/media\/9078"}],"wp:attachment":[{"href":"https:\/\/hz-pk.cn\/es\/wp-json\/wp\/v2\/media?parent=9076"}],"wp:term":[{"taxonomy":"product_cat","embeddable":true,"href":"https:\/\/hz-pk.cn\/es\/wp-json\/wp\/v2\/product_cat?post=9076"},{"taxonomy":"product_tag","embeddable":true,"href":"https:\/\/hz-pk.cn\/es\/wp-json\/wp\/v2\/product_tag?post=9076"}],"curies":[{"name":"wp","href":"https:\/\/api.w.org\/{rel}","templated":true}]}}