{"id":9640,"date":"2024-07-19T14:24:42","date_gmt":"2024-07-19T06:24:42","guid":{"rendered":"http:\/\/ceshi.global-jt.com\/?post_type=product&#038;p=9640"},"modified":"2024-07-19T14:31:04","modified_gmt":"2024-07-19T06:31:04","slug":"household-small-plastic-bag-vacuum-sealing-machine","status":"publish","type":"product","link":"https:\/\/hz-pk.cn\/es\/producto\/household-small-plastic-bag-vacuum-sealing-machine\/","title":{"rendered":"Peque\u00f1a m\u00e1quina de sellado al vac\u00edo de bolsas de pl\u00e1stico para uso dom\u00e9stico"},"content":{"rendered":"","protected":false},"excerpt":{"rendered":"","protected":false},"featured_media":9641,"comment_status":"open","ping_status":"closed","template":"","meta":{"site-sidebar-layout":"default","site-content-layout":"default","ast-global-header-display":"","ast-main-header-display":"","ast-hfb-above-header-display":"","ast-hfb-below-header-display":"","ast-hfb-mobile-header-display":"","site-post-title":"","ast-breadcrumbs-content":"","ast-featured-img":"","footer-sml-layout":"","theme-transparent-header-meta":"default","adv-header-id-meta":"","stick-header-meta":"","header-above-stick-meta":"","header-main-stick-meta":"","header-below-stick-meta":""},"product_cat":[58],"product_tag":[],"class_list":["post-9640","product","type-product","status-publish","has-post-thumbnail","hentry","product_cat-vacuum-machine-series","desktop-align-left","tablet-align-left","mobile-align-left"],"_links":{"self":[{"href":"https:\/\/hz-pk.cn\/es\/wp-json\/wp\/v3\/product\/9640","targetHints":{"allow":["GET"]}}],"collection":[{"href":"https:\/\/hz-pk.cn\/es\/wp-json\/wp\/v3\/product"}],"about":[{"href":"https:\/\/hz-pk.cn\/es\/wp-json\/wp\/v2\/types\/product"}],"replies":[{"embeddable":true,"href":"https:\/\/hz-pk.cn\/es\/wp-json\/wp\/v2\/comments?post=9640"}],"wp:featuredmedia":[{"embeddable":true,"href":"https:\/\/hz-pk.cn\/es\/wp-json\/wp\/v2\/media\/9641"}],"wp:attachment":[{"href":"https:\/\/hz-pk.cn\/es\/wp-json\/wp\/v2\/media?parent=9640"}],"wp:term":[{"taxonomy":"product_cat","embeddable":true,"href":"https:\/\/hz-pk.cn\/es\/wp-json\/wp\/v2\/product_cat?post=9640"},{"taxonomy":"product_tag","embeddable":true,"href":"https:\/\/hz-pk.cn\/es\/wp-json\/wp\/v2\/product_tag?post=9640"}],"curies":[{"name":"wp","href":"https:\/\/api.w.org\/{rel}","templated":true}]}}